{"id":893,"date":"2020-04-26T19:04:38","date_gmt":"2020-04-26T17:04:38","guid":{"rendered":"https:\/\/ankiescakes.com\/?page_id=893"},"modified":"2020-04-26T19:20:01","modified_gmt":"2020-04-26T17:20:01","slug":"princesstarta","status":"publish","type":"page","link":"https:\/\/ankiescakes.com\/nl\/princesstarta\/","title":{"rendered":"Princesst\u00e5rta"},"content":{"rendered":"<div data-elementor-type=\"wp-page\" data-elementor-id=\"893\" class=\"elementor elementor-893\">\n\t\t\t\t\t\t<section class=\"elementor-section elementor-top-section elementor-element elementor-element-b94732a elementor-section-boxed elementor-section-height-default elementor-section-height-default\" data-id=\"b94732a\" data-element_type=\"section\" data-e-type=\"section\">\n\t\t\t\t\t\t<div class=\"elementor-container elementor-column-gap-default\">\n\t\t\t\t\t<div class=\"elementor-column elementor-col-100 elementor-top-column elementor-element elementor-element-e30708a\" data-id=\"e30708a\" data-element_type=\"column\" data-e-type=\"column\">\n\t\t\t<div class=\"elementor-widget-wrap elementor-element-populated\">\n\t\t\t\t\t\t<div class=\"elementor-element elementor-element-c8b7410 elementor-widget elementor-widget-heading\" data-id=\"c8b7410\" data-element_type=\"widget\" data-e-type=\"widget\" data-widget_type=\"heading.default\">\n\t\t\t\t<div class=\"elementor-widget-container\">\n\t\t\t\t\t<h2 class=\"elementor-heading-title elementor-size-default\">Princesst\u00e5rta<\/h2>\t\t\t\t<\/div>\n\t\t\t\t<\/div>\n\t\t\t\t\t<\/div>\n\t\t<\/div>\n\t\t\t\t\t<\/div>\n\t\t<\/section>\n\t\t\t\t<section class=\"elementor-section elementor-top-section elementor-element elementor-element-3e8f64c elementor-section-boxed elementor-section-height-default elementor-section-height-default\" data-id=\"3e8f64c\" data-element_type=\"section\" data-e-type=\"section\">\n\t\t\t\t\t\t<div class=\"elementor-container elementor-column-gap-default\">\n\t\t\t\t\t<div class=\"elementor-column elementor-col-100 elementor-top-column elementor-element elementor-element-54ec8b1\" data-id=\"54ec8b1\" data-element_type=\"column\" data-e-type=\"column\">\n\t\t\t<div class=\"elementor-widget-wrap elementor-element-populated\">\n\t\t\t\t\t\t<div class=\"elementor-element elementor-element-c2c638b elementor-widget elementor-widget-heading\" data-id=\"c2c638b\" data-element_type=\"widget\" data-e-type=\"widget\" data-widget_type=\"heading.default\">\n\t\t\t\t<div class=\"elementor-widget-container\">\n\t\t\t\t\t<h2 class=\"elementor-heading-title elementor-size-default\">(Princess Cake)<\/h2>\t\t\t\t<\/div>\n\t\t\t\t<\/div>\n\t\t\t\t\t<\/div>\n\t\t<\/div>\n\t\t\t\t\t<\/div>\n\t\t<\/section>\n\t\t\t\t<section class=\"elementor-section elementor-top-section elementor-element elementor-element-c6b5f39 elementor-section-boxed elementor-section-height-default elementor-section-height-default\" data-id=\"c6b5f39\" data-element_type=\"section\" data-e-type=\"section\">\n\t\t\t\t\t\t<div class=\"elementor-container elementor-column-gap-default\">\n\t\t\t\t\t<div class=\"elementor-column elementor-col-50 elementor-top-column elementor-element elementor-element-b391747\" data-id=\"b391747\" data-element_type=\"column\" data-e-type=\"column\">\n\t\t\t<div class=\"elementor-widget-wrap elementor-element-populated\">\n\t\t\t\t\t\t<div class=\"elementor-element elementor-element-b1913f8 elementor-widget elementor-widget-image\" data-id=\"b1913f8\" data-element_type=\"widget\" data-e-type=\"widget\" data-widget_type=\"image.default\">\n\t\t\t\t<div class=\"elementor-widget-container\">\n\t\t\t\t\t\t\t\t\t\t\t\t\t\t\t\t<a href=\"https:\/\/ankiescakes.com\/wp-content\/uploads\/2020\/04\/Princesst\u00e5rta-1.png\" data-elementor-open-lightbox=\"yes\" data-e-action-hash=\"#elementor-action%3Aaction%3Dlightbox%26settings%3DeyJpZCI6OTAxLCJ1cmwiOiJodHRwczpcL1wvYW5raWVzY2FrZXMuY29tXC93cC1jb250ZW50XC91cGxvYWRzXC8yMDIwXC8wNFwvUHJpbmNlc3N0XHUwMGU1cnRhLTEucG5nIn0%3D\">\n\t\t\t\t\t\t\t<img fetchpriority=\"high\" decoding=\"async\" width=\"768\" height=\"676\" src=\"https:\/\/ankiescakes.com\/wp-content\/uploads\/2020\/04\/Princesst\u00e5rta-1-768x676.png\" class=\"attachment-medium_large size-medium_large wp-image-901\" alt=\"\" srcset=\"https:\/\/ankiescakes.com\/wp-content\/uploads\/2020\/04\/Princesst\u00e5rta-1-768x676.png 768w, https:\/\/ankiescakes.com\/wp-content\/uploads\/2020\/04\/Princesst\u00e5rta-1-300x264.png 300w, https:\/\/ankiescakes.com\/wp-content\/uploads\/2020\/04\/Princesst\u00e5rta-1-1024x902.png 1024w, https:\/\/ankiescakes.com\/wp-content\/uploads\/2020\/04\/Princesst\u00e5rta-1.png 1131w\" sizes=\"(max-width: 768px) 100vw, 768px\" \/>\t\t\t\t\t\t\t\t<\/a>\n\t\t\t\t\t\t\t\t\t\t\t\t\t\t\t<\/div>\n\t\t\t\t<\/div>\n\t\t\t\t\t<\/div>\n\t\t<\/div>\n\t\t\t\t<div class=\"elementor-column elementor-col-50 elementor-top-column elementor-element elementor-element-c0b5656\" data-id=\"c0b5656\" data-element_type=\"column\" data-e-type=\"column\">\n\t\t\t<div class=\"elementor-widget-wrap elementor-element-populated\">\n\t\t\t\t\t\t<div class=\"elementor-element elementor-element-267e5ea elementor-widget elementor-widget-image\" data-id=\"267e5ea\" data-element_type=\"widget\" data-e-type=\"widget\" data-widget_type=\"image.default\">\n\t\t\t\t<div class=\"elementor-widget-container\">\n\t\t\t\t\t\t\t\t\t\t\t\t\t\t\t\t<a href=\"https:\/\/ankiescakes.com\/wp-content\/uploads\/2020\/04\/Princesst\u00e5rta1.png\" data-elementor-open-lightbox=\"yes\" data-e-action-hash=\"#elementor-action%3Aaction%3Dlightbox%26settings%3DeyJpZCI6OTA4LCJ1cmwiOiJodHRwczpcL1wvYW5raWVzY2FrZXMuY29tXC93cC1jb250ZW50XC91cGxvYWRzXC8yMDIwXC8wNFwvUHJpbmNlc3N0XHUwMGU1cnRhMS5wbmcifQ%3D%3D\">\n\t\t\t\t\t\t\t<img decoding=\"async\" width=\"768\" height=\"639\" src=\"https:\/\/ankiescakes.com\/wp-content\/uploads\/2020\/04\/Princesst\u00e5rta1-768x639.png\" class=\"attachment-medium_large size-medium_large wp-image-908\" alt=\"\" srcset=\"https:\/\/ankiescakes.com\/wp-content\/uploads\/2020\/04\/Princesst\u00e5rta1-768x639.png 768w, https:\/\/ankiescakes.com\/wp-content\/uploads\/2020\/04\/Princesst\u00e5rta1-300x250.png 300w, https:\/\/ankiescakes.com\/wp-content\/uploads\/2020\/04\/Princesst\u00e5rta1-1024x852.png 1024w, https:\/\/ankiescakes.com\/wp-content\/uploads\/2020\/04\/Princesst\u00e5rta1.png 1090w\" sizes=\"(max-width: 768px) 100vw, 768px\" \/>\t\t\t\t\t\t\t\t<\/a>\n\t\t\t\t\t\t\t\t\t\t\t\t\t\t\t<\/div>\n\t\t\t\t<\/div>\n\t\t\t\t\t<\/div>\n\t\t<\/div>\n\t\t\t\t\t<\/div>\n\t\t<\/section>\n\t\t\t\t<section class=\"elementor-section elementor-top-section elementor-element elementor-element-4c6dffb elementor-section-boxed elementor-section-height-default elementor-section-height-default\" data-id=\"4c6dffb\" data-element_type=\"section\" data-e-type=\"section\">\n\t\t\t\t\t\t<div class=\"elementor-container elementor-column-gap-default\">\n\t\t\t\t\t<div class=\"elementor-column elementor-col-100 elementor-top-column elementor-element elementor-element-32fac2b\" data-id=\"32fac2b\" data-element_type=\"column\" data-e-type=\"column\">\n\t\t\t<div class=\"elementor-widget-wrap elementor-element-populated\">\n\t\t\t\t\t\t<div class=\"elementor-element elementor-element-a05d09b elementor-widget elementor-widget-text-editor\" data-id=\"a05d09b\" data-element_type=\"widget\" data-e-type=\"widget\" data-widget_type=\"text-editor.default\">\n\t\t\t\t<div class=\"elementor-widget-container\">\n\t\t\t\t\t\t\t\t\t<p>Ever since I got back from Sweden (I had an internship in Uppsala for half a year \ud83d\ude00 ) I wanted to make this princess cake or princesst\u00e5rta in Swedish. The cake was first made by Jenny \u00c5kerstr\u00f6m, she was a teacher to the Swedish princesses M\u00e4rtha, Margeretha and Astrid in the early 20th century. And this was their favourite cake, so they named the cake in honour of the Swedish princesses \ud83d\ude42 I ate the cake in Sweden, and I really wanted to make it myself. So I went looking for a cookbook that had a recipe for it, but my Swedish is well&#8230;. bad XD So I also wanted it to be written in English. That was harder than it looked&#8230; Because for one in the store were most Swedish written books and most of them didn&#8217;t have the princesst\u00e5rta in it&#8230; Almost at the end of my internship, I found it! It&#8217;s called &#8216;Swedish cookies and deserts&#8217; by Malin Landqvist. I was so happy I found one, and it is also written by a Swede \ud83d\ude00 Because Swedish recipes from a non Swede is probably not right haha. So I found the book which was English but still Swedish, now I just had to make it. Which took way longer than it should have been&#8230; woops haha. But I finely made it and it was harder than I thought.<\/p><p>I baked the sponge cake than I made the vanilla filling (some version of creme patisserie with whipped cream folded through). I put a layer of cake on a board and spread on some vanilla filling, then another layer of cake, some strawberry jam, some more vanilla filling and the final layer of cake. Normally I would crumb coat it now for more structure and to make the final layer pretty (without crumbs). But since it is a mainly whipped cream filling I didn&#8217;t know if it would work that well, but I did in anyway because I just hoped that it would help haha. I let it sit in de fridge for about 30 minutes, and as expected it didn&#8217;t really firm up&#8230; So then I dolloped the remaining vanilla filling on top to make the dome and put in back into the fridge and hoped for the best XD. When it was chilling I started on the decorations.\u00a0<\/p><p>Normally I work with fondant, but this cake is made with marzipan which if you don&#8217;t know is waaaaayyyy stickier XD I basically covered my tabletop with a thin layer of marzipan when I was done haha. But anyway I coloured my marzipan pink and rolled it out. When I was done with that I took the cake out of the fridge, the vanilla filling was of course soft because that doesn&#8217;t set the way buttercream does&#8230; So I was a bit nervous to layer the marzipan overtop, I was afraid it would squeeze al the filling out. Well it didn&#8217;t but it was a challenge non the less XD So I put it right back in the fridge so the marzipan can firm up a bid and stay in the shape. Then I made some roses and leaves out of the marzipan and stuck them on to the cake. And to finish it off I dusted it with some powdered sugar.\u00a0<\/p><p>For the next time I might add a bit more gelatine to the vanilla filling, so it will hopefully stay better in place XD But I had fun making it and it tasted nice \ud83d\ude42 No Swedes actually ate my cake so I can&#8217;t confirm if it is close to the real one&#8230; But I think it looks like it \ud83d\ude42<\/p>\t\t\t\t\t\t\t\t<\/div>\n\t\t\t\t<\/div>\n\t\t\t\t\t<\/div>\n\t\t<\/div>\n\t\t\t\t\t<\/div>\n\t\t<\/section>\n\t\t\t\t<\/div>","protected":false},"excerpt":{"rendered":"<p>Princesst\u00e5rta (Princess Cake) Ever since I got back from Sweden (I had an internship in Uppsala for half a year \ud83d\ude00 ) I wanted to make this princess cake or princesst\u00e5rta in Swedish. The cake was first made by Jenny \u00c5kerstr\u00f6m, she was a teacher to the Swedish princesses M\u00e4rtha, Margeretha and Astrid in the [&hellip;]<\/p>\n","protected":false},"author":1,"featured_media":0,"parent":0,"menu_order":0,"comment_status":"open","ping_status":"closed","template":"","meta":{"content-type":"","_uag_custom_page_level_css":"","site-sidebar-layout":"no-sidebar","site-content-layout":"page-builder","ast-site-content-layout":"default","site-content-style":"default","site-sidebar-style":"default","ast-global-header-display":"","ast-banner-title-visibility":"","ast-main-header-display":"","ast-hfb-above-header-display":"","ast-hfb-below-header-display":"","ast-hfb-mobile-header-display":"","site-post-title":"disabled","ast-breadcrumbs-content":"","ast-featured-img":"disabled","footer-sml-layout":"","ast-disable-related-posts":"","theme-transparent-header-meta":"default","adv-header-id-meta":"","stick-header-meta":"","header-above-stick-meta":"","header-main-stick-meta":"","header-below-stick-meta":"","astra-migrate-meta-layouts":"default","ast-page-background-enabled":"default","ast-page-background-meta":{"desktop":{"background-color":"","background-image":"","background-repeat":"repeat","background-position":"center center","background-size":"auto","background-attachment":"scroll","background-type":"","background-media":"","overlay-type":"","overlay-color":"","overlay-opacity":"","overlay-gradient":""},"tablet":{"background-color":"","background-image":"","background-repeat":"repeat","background-position":"center center","background-size":"auto","background-attachment":"scroll","background-type":"","background-media":"","overlay-type":"","overlay-color":"","overlay-opacity":"","overlay-gradient":""},"mobile":{"background-color":"","background-image":"","background-repeat":"repeat","background-position":"center center","background-size":"auto","background-attachment":"scroll","background-type":"","background-media":"","overlay-type":"","overlay-color":"","overlay-opacity":"","overlay-gradient":""}},"ast-content-background-meta":{"desktop":{"background-color":"var(--ast-global-color-5)","background-image":"","background-repeat":"repeat","background-position":"center center","background-size":"auto","background-attachment":"scroll","background-type":"","background-media":"","overlay-type":"","overlay-color":"","overlay-opacity":"","overlay-gradient":""},"tablet":{"background-color":"var(--ast-global-color-5)","background-image":"","background-repeat":"repeat","background-position":"center center","background-size":"auto","background-attachment":"scroll","background-type":"","background-media":"","overlay-type":"","overlay-color":"","overlay-opacity":"","overlay-gradient":""},"mobile":{"background-color":"var(--ast-global-color-5)","background-image":"","background-repeat":"repeat","background-position":"center center","background-size":"auto","background-attachment":"scroll","background-type":"","background-media":"","overlay-type":"","overlay-color":"","overlay-opacity":"","overlay-gradient":""}},"footnotes":""},"class_list":["post-893","page","type-page","status-publish","hentry"],"uagb_featured_image_src":{"full":false,"thumbnail":false,"medium":false,"medium_large":false,"large":false,"1536x1536":false,"2048x2048":false,"trp-custom-language-flag":false},"uagb_author_info":{"display_name":"Ankiescakes","author_link":"https:\/\/ankiescakes.com\/nl\/author\/ankiescakes\/"},"uagb_comment_info":0,"uagb_excerpt":"Princesst\u00e5rta (Princess Cake) Ever since I got back from Sweden (I had an internship in Uppsala for half a year \ud83d\ude00 ) I wanted to make this princess cake or princesst\u00e5rta in Swedish. The cake was first made by Jenny \u00c5kerstr\u00f6m, she was a teacher to the Swedish princesses M\u00e4rtha, Margeretha and Astrid in the&hellip;","_links":{"self":[{"href":"https:\/\/ankiescakes.com\/nl\/wp-json\/wp\/v2\/pages\/893","targetHints":{"allow":["GET"]}}],"collection":[{"href":"https:\/\/ankiescakes.com\/nl\/wp-json\/wp\/v2\/pages"}],"about":[{"href":"https:\/\/ankiescakes.com\/nl\/wp-json\/wp\/v2\/types\/page"}],"author":[{"embeddable":true,"href":"https:\/\/ankiescakes.com\/nl\/wp-json\/wp\/v2\/users\/1"}],"replies":[{"embeddable":true,"href":"https:\/\/ankiescakes.com\/nl\/wp-json\/wp\/v2\/comments?post=893"}],"version-history":[{"count":12,"href":"https:\/\/ankiescakes.com\/nl\/wp-json\/wp\/v2\/pages\/893\/revisions"}],"predecessor-version":[{"id":910,"href":"https:\/\/ankiescakes.com\/nl\/wp-json\/wp\/v2\/pages\/893\/revisions\/910"}],"wp:attachment":[{"href":"https:\/\/ankiescakes.com\/nl\/wp-json\/wp\/v2\/media?parent=893"}],"curies":[{"name":"wp","href":"https:\/\/api.w.org\/{rel}","templated":true}]}}